{"id":9572,"date":"2023-07-04T20:30:03","date_gmt":"2023-07-04T18:30:03","guid":{"rendered":"https:\/\/andrew-phelps.com\/imprint\/"},"modified":"2023-12-20T20:09:16","modified_gmt":"2023-12-20T19:09:16","slug":"imprint","status":"publish","type":"page","link":"https:\/\/andrew-phelps.com\/de\/imprint\/","title":{"rendered":"Impressum"},"content":{"rendered":"\n<!-- Legal document generated by Complianz | GDPR\/CCPA Cookie Consent https:\/\/wordpress.org\/plugins\/complianz-gdpr -->\n<div id=\"cmplz-document\" class=\"cmplz-document impressum cmplz-document-all\"><p><i>Dieses Impressum wurde zuletzt am 21. Oktober 2024 aktualisiert.<\/i><\/p><p class=\"cmplz-subtitle\">Der Eigent\u00fcmer dieser Website ist:<\/p><p>Andrew Phelps <br>Brunntalweg 3<br \/>\r\n5020 Salzburg<br>\u00d6sterreich<br>E-Mail:&nbsp;<span class=\"cmplz-obfuscate\">&#115;t&#117;&#100;&#105;o@<span class=\"cmplz-fmail-domain\">e&#120;&#046;&#099;&#111;&#109;<\/span>&#097;&#110;d&#114;&#101;w&#045;&#112;hel&#112;s&#046;co&#109;<\/span><br>Telefonnummer: +43 650 648 6051<br>USt-IdNr:&nbsp;AT U41910401<\/p><h2>1. Allgemein<\/h2><p>Wir sind nicht bereit oder verpflichtet, an Streitbeilegungsverfahren vor einer Verbraucherschlichtungsstelle teilzunehmen.<\/p><\/div>\n\n<!-- Legal document generated by Complianz | GDPR\/CCPA Cookie Consent https:\/\/wordpress.org\/plugins\/complianz-gdpr -->\n<div id=\"cmplz-document\" class=\"cmplz-document disclaimer cmplz-document-all\"><p>Andrew Phelps ist dazu verpflichtet, diese Website aktuell und akkurat zu halten. Solltest du dennoch auf irgendetwas sto\u00dfen, das veraltet oder inkorrekt ist, w\u00fcrden wir es sch\u00e4tzen, wenn du es uns wissen l\u00e4sst. Bitte weise darauf hin, wo du auf der Seite die Information gelesen hast. Wir werden uns dann so schnell wie m\u00f6glich darum k\u00fcmmern. Bitte sende deine R\u00fcckmeldung an: <span class=\"cmplz-obfuscate\">&#115;&#116;u&#100;io@<span class=\"cmplz-fmail-domain\">ex.com<\/span>&#097;n&#100;re&#119;&#045;p&#104;&#101;lp&#115;&#046;&#099;&#111;m<\/span>.<\/p><p>Wir \u00fcbernehmen keine Haftung f\u00fcr aus Ungenauigkeit oder Unvollst\u00e4ndigkeit resultierenden Verluste, noch f\u00fcr entstehende Verluste oder Verbreitung von Informationen durch das Internet, wie St\u00f6rungen oder Unterbrechungen. Bei der Verwendung von Internetfomularen streben wir danach die Anzahl der ben\u00f6tigten Felder zu minimieren. F\u00fcr jegliche Verluste die aus der Verwendung von Andrew Phelps empfohlener oder stammender Daten, Hinweisen oder Ideen \u00fcbernimmt Andrew Phelps keine Haftung.<\/p><p>Andrew Phelps wird jede angemessene Ma\u00dfnahme ergreifen um sein System gegen jede Form unrechtm\u00e4\u00dfiger Nutzung zu sch\u00fctzen. Andrew Phelps wird geeignete Technologien und organisatorische Ma\u00dfnahmen zu diesem Zweck, unter Ber\u00fccksichtigung des aktuellen Standes der Technik, einf\u00fchren. Es ist jedoch nicht verantwortlich f\u00fcr direkte und\/oder indirekte Verluste jeglicher Art, welche bei einem Benutzer der Website auftreten, die der unrechtm\u00e4\u00dfigen Nutzung des Systems von Drittanbietern entspringt.<\/p><p>Andrew Phelps \u00fcbernimmt keine Verantwortung f\u00fcr den Inhalt von Websites, zu denen oder von denen ein Hyperlink oder eine anderer Verweis f\u00fchrt. Produkte oder Serviceleistungen, die von Drittanbieten angeboten werden, werden nach entsprechenden Bedingungen und Konditionen jener Drittanbieter behandelt werden.<\/p><p>Jegliches intellektuelle Eigentumsrecht an Inhalten auf dieser Website ist im Besitz von Andrew Phelps.<\/p><p>Das Kopieren, Verbreiten oder jegliche andere Nutzung dieses Materials ist ohne die schriftliche Erlaubnis von Andrew Phelps nicht gestattet, sofern in geltendem Gesetz nicht anders vereinbart oder ausgenommen (wie etwa das Recht zu zitieren), solang der spezifische Inhalt nichts anderes vorschreibt.<\/p><p>Wenn du Fragen oder Probleme mit der Verf\u00fcgbarkeit der Website hast, z\u00f6gere nicht uns zu kontaktieren.<\/p><\/div>\n","protected":false},"excerpt":{"rendered":"","protected":false},"author":1,"featured_media":0,"parent":0,"menu_order":0,"comment_status":"closed","ping_status":"closed","template":"","meta":{"_acf_changed":false,"_seopress_robots_primary_cat":"","_seopress_titles_title":"","_seopress_titles_desc":"","_seopress_robots_index":"","footnotes":""},"class_list":["post-9572","page","type-page","status-publish"],"acf":[],"yoast_head":"<!-- This site is optimized with the Yoast SEO plugin v26.5 - https:\/\/yoast.com\/wordpress\/plugins\/seo\/ -->\n<title>Impressum - Andrew Phelps<\/title>\n<meta name=\"robots\" content=\"index, follow, max-snippet:-1, max-image-preview:large, max-video-preview:-1\" \/>\n<link rel=\"canonical\" href=\"https:\/\/andrew-phelps.com\/de\/imprint\/\" \/>\n<meta property=\"og:locale\" content=\"de_DE\" \/>\n<meta property=\"og:type\" content=\"article\" \/>\n<meta property=\"og:title\" content=\"Impressum - Andrew Phelps\" \/>\n<meta property=\"og:url\" content=\"https:\/\/andrew-phelps.com\/de\/imprint\/\" \/>\n<meta property=\"og:site_name\" content=\"Andrew Phelps\" \/>\n<meta property=\"article:modified_time\" content=\"2023-12-20T19:09:16+00:00\" \/>\n<meta name=\"twitter:card\" content=\"summary_large_image\" \/>\n<script type=\"application\/ld+json\" class=\"yoast-schema-graph\">{\"@context\":\"https:\/\/schema.org\",\"@graph\":[{\"@type\":\"WebPage\",\"@id\":\"https:\/\/andrew-phelps.com\/de\/imprint\/\",\"url\":\"https:\/\/andrew-phelps.com\/de\/imprint\/\",\"name\":\"Impressum - Andrew Phelps\",\"isPartOf\":{\"@id\":\"https:\/\/andrew-phelps.com\/#website\"},\"datePublished\":\"2023-07-04T18:30:03+00:00\",\"dateModified\":\"2023-12-20T19:09:16+00:00\",\"breadcrumb\":{\"@id\":\"https:\/\/andrew-phelps.com\/de\/imprint\/#breadcrumb\"},\"inLanguage\":\"de\",\"potentialAction\":[{\"@type\":\"ReadAction\",\"target\":[\"https:\/\/andrew-phelps.com\/de\/imprint\/\"]}]},{\"@type\":\"BreadcrumbList\",\"@id\":\"https:\/\/andrew-phelps.com\/de\/imprint\/#breadcrumb\",\"itemListElement\":[{\"@type\":\"ListItem\",\"position\":1,\"name\":\"Home\",\"item\":\"https:\/\/andrew-phelps.com\/de\/\"},{\"@type\":\"ListItem\",\"position\":2,\"name\":\"Impressum\"}]},{\"@type\":\"WebSite\",\"@id\":\"https:\/\/andrew-phelps.com\/#website\",\"url\":\"https:\/\/andrew-phelps.com\/\",\"name\":\"Andrew Phelps\",\"description\":\"\",\"publisher\":{\"@id\":\"https:\/\/andrew-phelps.com\/#\/schema\/person\/b71fc0faa4e32b3ec16caa2274dfdaec\"},\"potentialAction\":[{\"@type\":\"SearchAction\",\"target\":{\"@type\":\"EntryPoint\",\"urlTemplate\":\"https:\/\/andrew-phelps.com\/?s={search_term_string}\"},\"query-input\":{\"@type\":\"PropertyValueSpecification\",\"valueRequired\":true,\"valueName\":\"search_term_string\"}}],\"inLanguage\":\"de\"},{\"@type\":[\"Person\",\"Organization\"],\"@id\":\"https:\/\/andrew-phelps.com\/#\/schema\/person\/b71fc0faa4e32b3ec16caa2274dfdaec\",\"name\":\"Andrew Phelps\",\"image\":{\"@type\":\"ImageObject\",\"inLanguage\":\"de\",\"@id\":\"https:\/\/andrew-phelps.com\/#\/schema\/person\/image\/\",\"url\":\"https:\/\/andrew-phelps.com\/wp-content\/uploads\/AndrewPhelpsLogo.png\",\"contentUrl\":\"https:\/\/andrew-phelps.com\/wp-content\/uploads\/AndrewPhelpsLogo.png\",\"width\":981,\"height\":143,\"caption\":\"Andrew Phelps\"},\"logo\":{\"@id\":\"https:\/\/andrew-phelps.com\/#\/schema\/person\/image\/\"},\"sameAs\":[\"https:\/\/www.instagram.com\/andrew_phelps_buffet\/\"]}]}<\/script>\n<!-- \/ Yoast SEO plugin. -->","yoast_head_json":{"title":"Impressum - Andrew Phelps","robots":{"index":"index","follow":"follow","max-snippet":"max-snippet:-1","max-image-preview":"max-image-preview:large","max-video-preview":"max-video-preview:-1"},"canonical":"https:\/\/andrew-phelps.com\/de\/imprint\/","og_locale":"de_DE","og_type":"article","og_title":"Impressum - Andrew Phelps","og_url":"https:\/\/andrew-phelps.com\/de\/imprint\/","og_site_name":"Andrew Phelps","article_modified_time":"2023-12-20T19:09:16+00:00","twitter_card":"summary_large_image","schema":{"@context":"https:\/\/schema.org","@graph":[{"@type":"WebPage","@id":"https:\/\/andrew-phelps.com\/de\/imprint\/","url":"https:\/\/andrew-phelps.com\/de\/imprint\/","name":"Impressum - Andrew Phelps","isPartOf":{"@id":"https:\/\/andrew-phelps.com\/#website"},"datePublished":"2023-07-04T18:30:03+00:00","dateModified":"2023-12-20T19:09:16+00:00","breadcrumb":{"@id":"https:\/\/andrew-phelps.com\/de\/imprint\/#breadcrumb"},"inLanguage":"de","potentialAction":[{"@type":"ReadAction","target":["https:\/\/andrew-phelps.com\/de\/imprint\/"]}]},{"@type":"BreadcrumbList","@id":"https:\/\/andrew-phelps.com\/de\/imprint\/#breadcrumb","itemListElement":[{"@type":"ListItem","position":1,"name":"Home","item":"https:\/\/andrew-phelps.com\/de\/"},{"@type":"ListItem","position":2,"name":"Impressum"}]},{"@type":"WebSite","@id":"https:\/\/andrew-phelps.com\/#website","url":"https:\/\/andrew-phelps.com\/","name":"Andrew Phelps","description":"","publisher":{"@id":"https:\/\/andrew-phelps.com\/#\/schema\/person\/b71fc0faa4e32b3ec16caa2274dfdaec"},"potentialAction":[{"@type":"SearchAction","target":{"@type":"EntryPoint","urlTemplate":"https:\/\/andrew-phelps.com\/?s={search_term_string}"},"query-input":{"@type":"PropertyValueSpecification","valueRequired":true,"valueName":"search_term_string"}}],"inLanguage":"de"},{"@type":["Person","Organization"],"@id":"https:\/\/andrew-phelps.com\/#\/schema\/person\/b71fc0faa4e32b3ec16caa2274dfdaec","name":"Andrew Phelps","image":{"@type":"ImageObject","inLanguage":"de","@id":"https:\/\/andrew-phelps.com\/#\/schema\/person\/image\/","url":"https:\/\/andrew-phelps.com\/wp-content\/uploads\/AndrewPhelpsLogo.png","contentUrl":"https:\/\/andrew-phelps.com\/wp-content\/uploads\/AndrewPhelpsLogo.png","width":981,"height":143,"caption":"Andrew Phelps"},"logo":{"@id":"https:\/\/andrew-phelps.com\/#\/schema\/person\/image\/"},"sameAs":["https:\/\/www.instagram.com\/andrew_phelps_buffet\/"]}]}},"_links":{"self":[{"href":"https:\/\/andrew-phelps.com\/de\/wp-json\/wp\/v2\/pages\/9572","targetHints":{"allow":["GET"]}}],"collection":[{"href":"https:\/\/andrew-phelps.com\/de\/wp-json\/wp\/v2\/pages"}],"about":[{"href":"https:\/\/andrew-phelps.com\/de\/wp-json\/wp\/v2\/types\/page"}],"author":[{"embeddable":true,"href":"https:\/\/andrew-phelps.com\/de\/wp-json\/wp\/v2\/users\/1"}],"replies":[{"embeddable":true,"href":"https:\/\/andrew-phelps.com\/de\/wp-json\/wp\/v2\/comments?post=9572"}],"version-history":[{"count":1,"href":"https:\/\/andrew-phelps.com\/de\/wp-json\/wp\/v2\/pages\/9572\/revisions"}],"predecessor-version":[{"id":9573,"href":"https:\/\/andrew-phelps.com\/de\/wp-json\/wp\/v2\/pages\/9572\/revisions\/9573"}],"wp:attachment":[{"href":"https:\/\/andrew-phelps.com\/de\/wp-json\/wp\/v2\/media?parent=9572"}],"curies":[{"name":"wp","href":"https:\/\/api.w.org\/{rel}","templated":true}]}}